{"id":2239,"date":"2025-05-05T15:39:36","date_gmt":"2025-05-05T13:39:36","guid":{"rendered":"https:\/\/manoirdekerdeval22.fr\/?page_id=2239"},"modified":"2025-12-06T19:19:48","modified_gmt":"2025-12-06T18:19:48","slug":"elementor-2239","status":"publish","type":"page","link":"https:\/\/manoirdekerdeval22.fr\/index.php\/elementor-2239\/","title":{"rendered":"Le Bain Nordique"},"content":{"rendered":"\t\t<div data-elementor-type=\"wp-post\" data-elementor-id=\"2239\" class=\"elementor elementor-2239\">\n\t\t\t\t\t\t<section class=\"elementor-section elementor-top-section elementor-element elementor-element-4199f01 elementor-section-boxed elementor-section-height-default elementor-section-height-default wpr-particle-no wpr-jarallax-no wpr-parallax-no wpr-sticky-section-no wpr-equal-height-no\" data-id=\"4199f01\" data-element_type=\"section\" data-e-type=\"section\">\n\t\t\t\t\t\t<div class=\"elementor-container elementor-column-gap-default\">\n\t\t\t\t\t<div class=\"elementor-column elementor-col-100 elementor-top-column elementor-element elementor-element-8dca249\" data-id=\"8dca249\" data-element_type=\"column\" data-e-type=\"column\">\n\t\t\t<div class=\"elementor-widget-wrap elementor-element-populated\">\n\t\t\t\t\t\t<div class=\"elementor-element elementor-element-4a8d75c elementor-widget elementor-widget-text-editor\" data-id=\"4a8d75c\" data-element_type=\"widget\" data-e-type=\"widget\" data-widget_type=\"text-editor.default\">\n\t\t\t\t<div class=\"elementor-widget-container\">\n\t\t\t\t\t\t\t\t\t<p><span style=\"vertical-align: inherit;\"><span style=\"vertical-align: inherit;\"><span style=\"vertical-align: inherit;\"><span style=\"vertical-align: inherit;\"><span style=\"vertical-align: inherit;\"><span style=\"vertical-align: inherit;\">Un\u00a0 <\/span><\/span><\/span><\/span><\/span><\/span><strong><span style=\"vertical-align: inherit;\"><span style=\"vertical-align: inherit;\"><span style=\"vertical-align: inherit;\"><span style=\"vertical-align: inherit;\"><span style=\"vertical-align: inherit;\"><span style=\"vertical-align: inherit;\">bain nordique<\/span><\/span><\/span><\/span><\/span><\/span><\/strong><span style=\"vertical-align: inherit;\"><span style=\"vertical-align: inherit;\"><span style=\"vertical-align: inherit;\"><span style=\"vertical-align: inherit;\"><span style=\"vertical-align: inherit;\"><span style=\"vertical-align: inherit;\"> , aussi appel\u00e9\u00a0 <\/span><\/span><\/span><\/span><\/span><\/span><strong><span style=\"vertical-align: inherit;\"><span style=\"vertical-align: inherit;\"><span style=\"vertical-align: inherit;\"><span style=\"vertical-align: inherit;\"><span style=\"vertical-align: inherit;\"><span style=\"vertical-align: inherit;\">bain scandinave<\/span><\/span><\/span><\/span><\/span><\/span><\/strong><span style=\"vertical-align: inherit;\"><span style=\"vertical-align: inherit;\"><span style=\"vertical-align: inherit;\"><span style=\"vertical-align: inherit;\"><span style=\"vertical-align: inherit;\"><span style=\"vertical-align: inherit;\"> , offre une exp\u00e9rience de d\u00e9tente unique. Bien plus qu&#8217;une simple\u00a0 <\/span><\/span><\/span><\/span><\/span><\/span><strong><span style=\"vertical-align: inherit;\"><span style=\"vertical-align: inherit;\"><span style=\"vertical-align: inherit;\"><span style=\"vertical-align: inherit;\"><span style=\"vertical-align: inherit;\"><span style=\"vertical-align: inherit;\">piscine<\/span><\/span><\/span><\/span><\/span><\/span><\/strong><span style=\"vertical-align: inherit;\"><span style=\"vertical-align: inherit;\"><span style=\"vertical-align: inherit;\"><span style=\"vertical-align: inherit;\"><span style=\"vertical-align: inherit;\"><span style=\"vertical-align: inherit;\"> , il repr\u00e9sente une v\u00e9ritable tradition de bien-\u00eatre. \u00c0 ne pas confondre avec le\u00a0 <\/span><\/span><\/span><\/span><\/span><\/span><strong><span style=\"vertical-align: inherit;\"><span style=\"vertical-align: inherit;\"><span style=\"vertical-align: inherit;\"><span style=\"vertical-align: inherit;\"><span style=\"vertical-align: inherit;\"><span style=\"vertical-align: inherit;\">sauna<\/span><\/span><\/span><\/span><\/span><\/span><\/strong><span style=\"vertical-align: inherit;\"><span style=\"vertical-align: inherit;\"><span style=\"vertical-align: inherit;\"><span style=\"vertical-align: inherit;\"><span style=\"vertical-align: inherit;\"><span style=\"vertical-align: inherit;\"> , le Bain Nordique <\/span><\/span><\/span><\/span><\/span><\/span><span style=\"vertical-align: inherit;\"><span style=\"vertical-align: inherit;\"><span style=\"vertical-align: inherit;\"><span style=\"vertical-align: inherit;\"><span style=\"vertical-align: inherit;\"><span style=\"vertical-align: inherit;\">\u00a0 offre une approche diff\u00e9rente de la relaxation et du bien-\u00eatre.<\/span><\/span><\/span><\/span><\/span><\/span><\/p><h2><span style=\"vertical-align: inherit;\"><span style=\"vertical-align: inherit;\"><span style=\"vertical-align: inherit;\"><span style=\"vertical-align: inherit;\"><span style=\"vertical-align: inherit;\"><span style=\"vertical-align: inherit;\">Les bienfaits du bain nordique sur le corps et l&#8217;esprit<\/span><\/span><\/span><\/span><\/span><\/span><\/h2><p><span style=\"vertical-align: inherit;\"><span style=\"vertical-align: inherit;\"><span style=\"vertical-align: inherit;\"><span style=\"vertical-align: inherit;\"><span style=\"vertical-align: inherit;\"><span style=\"vertical-align: inherit;\">Les\u00a0 <\/span><\/span><\/span><\/span><\/span><\/span><strong><span style=\"vertical-align: inherit;\"><span style=\"vertical-align: inherit;\"><span style=\"vertical-align: inherit;\"><span style=\"vertical-align: inherit;\"><span style=\"vertical-align: inherit;\"><span style=\"vertical-align: inherit;\">bains nordiques<\/span><\/span><\/span><\/span><\/span><\/span><\/strong><span style=\"vertical-align: inherit;\"><span style=\"vertical-align: inherit;\"><span style=\"vertical-align: inherit;\"><span style=\"vertical-align: inherit;\"><span style=\"vertical-align: inherit;\"><span style=\"vertical-align: inherit;\"> \u00a0ne sont pas seulement agr\u00e9ables, ils sont aussi b\u00e9n\u00e9fiques pour la\u00a0 <\/span><\/span><\/span><\/span><\/span><\/span><strong><span style=\"vertical-align: inherit;\"><span style=\"vertical-align: inherit;\"><span style=\"vertical-align: inherit;\"><span style=\"vertical-align: inherit;\"><span style=\"vertical-align: inherit;\"><span style=\"vertical-align: inherit;\">sant\u00e9<\/span><\/span><\/span><\/span><\/span><\/span><\/strong><span style=\"vertical-align: inherit;\"><span style=\"vertical-align: inherit;\"><span style=\"vertical-align: inherit;\"><span style=\"vertical-align: inherit;\"><span style=\"vertical-align: inherit;\"><span style=\"vertical-align: inherit;\"> . Ils r\u00e9agissent sur le\u00a0 <\/span><\/span><\/span><\/span><\/span><\/span><strong><span style=\"vertical-align: inherit;\"><span style=\"vertical-align: inherit;\"><span style=\"vertical-align: inherit;\"><span style=\"vertical-align: inherit;\"><span style=\"vertical-align: inherit;\"><span style=\"vertical-align: inherit;\">corps<\/span><\/span><\/span><\/span><\/span><\/span><\/strong><span style=\"vertical-align: inherit;\"><span style=\"vertical-align: inherit;\"><span style=\"vertical-align: inherit;\"><span style=\"vertical-align: inherit;\"><span style=\"vertical-align: inherit;\"><span style=\"vertical-align: inherit;\"> \u00a0et l&#8217; <\/span><\/span><\/span><\/span><\/span><\/span><strong><span style=\"vertical-align: inherit;\"><span style=\"vertical-align: inherit;\"><span style=\"vertical-align: inherit;\"><span style=\"vertical-align: inherit;\"><span style=\"vertical-align: inherit;\"><span style=\"vertical-align: inherit;\">esprit<\/span><\/span><\/span><\/span><\/span><\/span><\/strong><span style=\"vertical-align: inherit;\"><span style=\"vertical-align: inherit;\"><span style=\"vertical-align: inherit;\"><span style=\"vertical-align: inherit;\"><span style=\"vertical-align: inherit;\"><span style=\"vertical-align: inherit;\"> \u00a0de diverses mani\u00e8res.<\/span><\/span><\/span><\/span><\/span><\/span><\/p><p>\u00a0<\/p><h2><span style=\"vertical-align: inherit;\"><span style=\"vertical-align: inherit;\"><span style=\"vertical-align: inherit;\"><span style=\"vertical-align: inherit;\"><span style=\"vertical-align: inherit;\"><span style=\"vertical-align: inherit;\">les multiples Bienfaits du Bain Nordique<\/span><\/span><\/span><\/span><\/span><\/span><\/h2><ul><li><strong><span style=\"vertical-align: inherit;\"><span style=\"vertical-align: inherit;\"><span style=\"vertical-align: inherit;\"><span style=\"vertical-align: inherit;\"><span style=\"vertical-align: inherit;\"><span style=\"vertical-align: inherit;\">Am\u00e9lioration de la Circulation Sanguine :<\/span><\/span><\/span><\/span><\/span><\/span><\/strong><span style=\"vertical-align: inherit;\"><span style=\"vertical-align: inherit;\"><span style=\"vertical-align: inherit;\"><span style=\"vertical-align: inherit;\"><span style=\"vertical-align: inherit;\"><span style=\"vertical-align: inherit;\"> \u00a0Les contrastes thermiques stimulent la circulation, soulagent les douleurs et favorisent une meilleure oxyg\u00e9nation des tissus.<\/span><\/span><\/span><\/span><\/span><\/span><\/li><li><strong><span style=\"vertical-align: inherit;\"><span style=\"vertical-align: inherit;\"><span style=\"vertical-align: inherit;\"><span style=\"vertical-align: inherit;\"><span style=\"vertical-align: inherit;\"><span style=\"vertical-align: inherit;\">\u00c9limination des Toxines :<\/span><\/span><\/span><\/span><\/span><\/span><\/strong><span style=\"vertical-align: inherit;\"><span style=\"vertical-align: inherit;\"><span style=\"vertical-align: inherit;\"><span style=\"vertical-align: inherit;\"><span style=\"vertical-align: inherit;\"><span style=\"vertical-align: inherit;\"> \u00a0La chaleur provoque la sudation, permettant au corps d&#8217;\u00e9liminer naturellement les toxines et renfor\u00e7ant le syst\u00e8me lymphatique.<\/span><\/span><\/span><\/span><\/span><\/span><\/li><li><strong><span style=\"vertical-align: inherit;\"><span style=\"vertical-align: inherit;\"><span style=\"vertical-align: inherit;\"><span style=\"vertical-align: inherit;\"><span style=\"vertical-align: inherit;\"><span style=\"vertical-align: inherit;\">Renforcement du Syst\u00e8me Immunitaire :<\/span><\/span><\/span><\/span><\/span><\/span><\/strong><span style=\"vertical-align: inherit;\"><span style=\"vertical-align: inherit;\"><span style=\"vertical-align: inherit;\"><span style=\"vertical-align: inherit;\"><span style=\"vertical-align: inherit;\"><span style=\"vertical-align: inherit;\"> \u00a0La production de globules blancs est stimul\u00e9e, renfor\u00e7ant les d\u00e9fenses naturelles de l&#8217;organisme.<\/span><\/span><\/span><\/span><\/span><\/span><\/li><li><strong><span style=\"vertical-align: inherit;\"><span style=\"vertical-align: inherit;\"><span style=\"vertical-align: inherit;\"><span style=\"vertical-align: inherit;\"><span style=\"vertical-align: inherit;\"><span style=\"vertical-align: inherit;\">Am\u00e9lioration de la Qualit\u00e9 du Sommeil :<\/span><\/span><\/span><\/span><\/span><\/span><\/strong><span style=\"vertical-align: inherit;\"><span style=\"vertical-align: inherit;\"><span style=\"vertical-align: inherit;\"><span style=\"vertical-align: inherit;\"><span style=\"vertical-align: inherit;\"><span style=\"vertical-align: inherit;\"> \u00a0L&#8217;alternance de chaud et de froid aide \u00e0 l&#8217;endormissement et \u00e0 la qualit\u00e9 du sommeil, contribuant \u00e0 un repos plus profond et r\u00e9parateur.<\/span><\/span><\/span><\/span><\/span><\/span><\/li><li><strong><span style=\"vertical-align: inherit;\"><span style=\"vertical-align: inherit;\"><span style=\"vertical-align: inherit;\"><span style=\"vertical-align: inherit;\"><span style=\"vertical-align: inherit;\"><span style=\"vertical-align: inherit;\">Am\u00e9lioration de l&#8217;Humeur :<\/span><\/span><\/span><\/span><\/span><\/span><\/strong><span style=\"vertical-align: inherit;\"><span style=\"vertical-align: inherit;\"><span style=\"vertical-align: inherit;\"><span style=\"vertical-align: inherit;\"><span style=\"vertical-align: inherit;\"><span style=\"vertical-align: inherit;\"> \u00a0La production d&#8217;endorphines est stimul\u00e9e, notamment le stress et l&#8217;anxi\u00e9t\u00e9 et favorise un \u00e9tat d&#8217;esprit positif.<\/span><\/span><\/span><\/span><\/span><\/span><\/li><li><strong><span style=\"vertical-align: inherit;\"><span style=\"vertical-align: inherit;\"><span style=\"vertical-align: inherit;\"><span style=\"vertical-align: inherit;\"><span style=\"vertical-align: inherit;\"><span style=\"vertical-align: inherit;\">Bienfaits pour la Peau :<\/span><\/span><\/span><\/span><\/span><\/span><\/strong><span style=\"vertical-align: inherit;\"><span style=\"vertical-align: inherit;\"><span style=\"vertical-align: inherit;\"><span style=\"vertical-align: inherit;\"><span style=\"vertical-align: inherit;\"><span style=\"vertical-align: inherit;\"> \u00a0L&#8217;eau chaude purifie, hydrate et nourrit la peau, contribuant \u00e0 son \u00e9lasticit\u00e9 et \u00e0 son \u00e9clat.<\/span><\/span><\/span><\/span><\/span><\/span><\/li><\/ul>\t\t\t\t\t\t\t\t<\/div>\n\t\t\t\t<\/div>\n\t\t\t\t\t<\/div>\n\t\t<\/div>\n\t\t\t\t\t<\/div>\n\t\t<\/section>\n\t\t\t\t<section class=\"elementor-section elementor-top-section elementor-element elementor-element-e648c63 elementor-section-boxed elementor-section-height-default elementor-section-height-default wpr-particle-no wpr-jarallax-no wpr-parallax-no wpr-sticky-section-no wpr-equal-height-no\" data-id=\"e648c63\" data-element_type=\"section\" data-e-type=\"section\">\n\t\t\t\t\t\t<div class=\"elementor-container elementor-column-gap-default\">\n\t\t\t\t\t<div class=\"elementor-column elementor-col-16 elementor-top-column elementor-element elementor-element-aba1f77\" data-id=\"aba1f77\" data-element_type=\"column\" data-e-type=\"column\">\n\t\t\t<div class=\"elementor-widget-wrap elementor-element-populated\">\n\t\t\t\t\t\t<div class=\"elementor-element elementor-element-ad500a8 elementor-widget elementor-widget-image\" data-id=\"ad500a8\" data-element_type=\"widget\" data-e-type=\"widget\" data-widget_type=\"image.default\">\n\t\t\t\t<div class=\"elementor-widget-container\">\n\t\t\t\t\t\t\t\t\t\t\t\t\t\t\t<img fetchpriority=\"high\" decoding=\"async\" width=\"512\" height=\"640\" src=\"https:\/\/manoirdekerdeval22.fr\/wp-content\/uploads\/2025\/05\/bain-1.jpg\" class=\"attachment-large size-large wp-image-2246\" alt=\"\" srcset=\"https:\/\/manoirdekerdeval22.fr\/wp-content\/uploads\/2025\/05\/bain-1.jpg 512w, https:\/\/manoirdekerdeval22.fr\/wp-content\/uploads\/2025\/05\/bain-1-240x300.jpg 240w\" sizes=\"(max-width: 512px) 100vw, 512px\" \/>\t\t\t\t\t\t\t\t\t\t\t\t\t\t\t<\/div>\n\t\t\t\t<\/div>\n\t\t\t\t\t<\/div>\n\t\t<\/div>\n\t\t\t\t<div class=\"elementor-column elementor-col-16 elementor-top-column elementor-element elementor-element-6bb4883\" data-id=\"6bb4883\" data-element_type=\"column\" data-e-type=\"column\">\n\t\t\t<div class=\"elementor-widget-wrap elementor-element-populated\">\n\t\t\t\t\t\t<div class=\"elementor-element elementor-element-0d9fbbd elementor-widget elementor-widget-image\" data-id=\"0d9fbbd\" data-element_type=\"widget\" data-e-type=\"widget\" data-widget_type=\"image.default\">\n\t\t\t\t<div class=\"elementor-widget-container\">\n\t\t\t\t\t\t\t\t\t\t\t\t\t\t\t<img decoding=\"async\" width=\"480\" height=\"640\" src=\"https:\/\/manoirdekerdeval22.fr\/wp-content\/uploads\/2025\/05\/bain3-rotated.jpg\" class=\"attachment-large size-large wp-image-2248\" alt=\"\" srcset=\"https:\/\/manoirdekerdeval22.fr\/wp-content\/uploads\/2025\/05\/bain3-rotated.jpg 480w, https:\/\/manoirdekerdeval22.fr\/wp-content\/uploads\/2025\/05\/bain3-225x300.jpg 225w\" sizes=\"(max-width: 480px) 100vw, 480px\" \/>\t\t\t\t\t\t\t\t\t\t\t\t\t\t\t<\/div>\n\t\t\t\t<\/div>\n\t\t\t\t\t<\/div>\n\t\t<\/div>\n\t\t\t\t<div class=\"elementor-column elementor-col-16 elementor-top-column elementor-element elementor-element-dece286\" data-id=\"dece286\" data-element_type=\"column\" data-e-type=\"column\">\n\t\t\t<div class=\"elementor-widget-wrap elementor-element-populated\">\n\t\t\t\t\t\t<div class=\"elementor-element elementor-element-6247d85 elementor-widget elementor-widget-image\" data-id=\"6247d85\" data-element_type=\"widget\" data-e-type=\"widget\" data-widget_type=\"image.default\">\n\t\t\t\t<div class=\"elementor-widget-container\">\n\t\t\t\t\t\t\t\t\t\t\t\t\t\t\t<img decoding=\"async\" width=\"480\" height=\"640\" src=\"https:\/\/manoirdekerdeval22.fr\/wp-content\/uploads\/2025\/05\/bain2-rotated.jpg\" class=\"attachment-large size-large wp-image-2247\" alt=\"\" srcset=\"https:\/\/manoirdekerdeval22.fr\/wp-content\/uploads\/2025\/05\/bain2-rotated.jpg 480w, https:\/\/manoirdekerdeval22.fr\/wp-content\/uploads\/2025\/05\/bain2-225x300.jpg 225w\" sizes=\"(max-width: 480px) 100vw, 480px\" \/>\t\t\t\t\t\t\t\t\t\t\t\t\t\t\t<\/div>\n\t\t\t\t<\/div>\n\t\t\t\t\t<\/div>\n\t\t<\/div>\n\t\t\t\t<div class=\"elementor-column elementor-col-16 elementor-top-column elementor-element elementor-element-e77a4be\" data-id=\"e77a4be\" data-element_type=\"column\" data-e-type=\"column\">\n\t\t\t<div class=\"elementor-widget-wrap elementor-element-populated\">\n\t\t\t\t\t\t<div class=\"elementor-element elementor-element-1591341 elementor-widget elementor-widget-text-editor\" data-id=\"1591341\" data-element_type=\"widget\" data-e-type=\"widget\" data-widget_type=\"text-editor.default\">\n\t\t\t\t<div class=\"elementor-widget-container\">\n\t\t\t\t\t\t\t\t\t<p>Privatisez cet espace et offrez vous les bienfaits du bain nordique \u00e0 2, 3 et jusqu&#8217;\u00e0 5 personnes.<\/p>\n<p>Je vous ferai choisir entre plusieurs huiles de SPA afin d&#8217;associer une exp\u00e9rience olfactive agr\u00e9able.<\/p>\n<p>Pour votre confort, claquettes et peignoirs sont fournis dans cette prestation .<\/p><p><br><\/p>\t\t\t\t\t\t\t\t<\/div>\n\t\t\t\t<\/div>\n\t\t\t\t\t<\/div>\n\t\t<\/div>\n\t\t\t\t<div class=\"elementor-column elementor-col-16 elementor-top-column elementor-element elementor-element-358d0af\" data-id=\"358d0af\" data-element_type=\"column\" data-e-type=\"column\">\n\t\t\t<div class=\"elementor-widget-wrap elementor-element-populated\">\n\t\t\t\t\t\t<div class=\"elementor-element elementor-element-229cb11 elementor-widget elementor-widget-image\" data-id=\"229cb11\" data-element_type=\"widget\" data-e-type=\"widget\" data-widget_type=\"image.default\">\n\t\t\t\t<div class=\"elementor-widget-container\">\n\t\t\t\t\t\t\t\t\t\t\t\t\t\t\t<img loading=\"lazy\" decoding=\"async\" width=\"768\" height=\"1024\" src=\"https:\/\/manoirdekerdeval22.fr\/wp-content\/uploads\/2025\/12\/bain-nuit-768x1024.jpg\" class=\"attachment-large size-large wp-image-2339\" alt=\"\" srcset=\"https:\/\/manoirdekerdeval22.fr\/wp-content\/uploads\/2025\/12\/bain-nuit-768x1024.jpg 768w, https:\/\/manoirdekerdeval22.fr\/wp-content\/uploads\/2025\/12\/bain-nuit-225x300.jpg 225w, https:\/\/manoirdekerdeval22.fr\/wp-content\/uploads\/2025\/12\/bain-nuit-1152x1536.jpg 1152w, https:\/\/manoirdekerdeval22.fr\/wp-content\/uploads\/2025\/12\/bain-nuit.jpg 1512w\" sizes=\"(max-width: 768px) 100vw, 768px\" \/>\t\t\t\t\t\t\t\t\t\t\t\t\t\t\t<\/div>\n\t\t\t\t<\/div>\n\t\t\t\t\t<\/div>\n\t\t<\/div>\n\t\t\t\t<div class=\"elementor-column elementor-col-16 elementor-top-column elementor-element elementor-element-6c7de10\" data-id=\"6c7de10\" data-element_type=\"column\" data-e-type=\"column\">\n\t\t\t<div class=\"elementor-widget-wrap elementor-element-populated\">\n\t\t\t\t\t\t<div class=\"elementor-element elementor-element-05636b0 elementor-widget elementor-widget-image\" data-id=\"05636b0\" data-element_type=\"widget\" data-e-type=\"widget\" data-widget_type=\"image.default\">\n\t\t\t\t<div class=\"elementor-widget-container\">\n\t\t\t\t\t\t\t\t\t\t\t\t\t\t\t<img loading=\"lazy\" decoding=\"async\" width=\"682\" height=\"1024\" src=\"https:\/\/manoirdekerdeval22.fr\/wp-content\/uploads\/2025\/12\/bain-682x1024.jpg\" class=\"attachment-large size-large wp-image-2340\" alt=\"\" srcset=\"https:\/\/manoirdekerdeval22.fr\/wp-content\/uploads\/2025\/12\/bain-682x1024.jpg 682w, https:\/\/manoirdekerdeval22.fr\/wp-content\/uploads\/2025\/12\/bain-200x300.jpg 200w, https:\/\/manoirdekerdeval22.fr\/wp-content\/uploads\/2025\/12\/bain-768x1152.jpg 768w, https:\/\/manoirdekerdeval22.fr\/wp-content\/uploads\/2025\/12\/bain-rotated.jpg 853w\" sizes=\"(max-width: 682px) 100vw, 682px\" \/>\t\t\t\t\t\t\t\t\t\t\t\t\t\t\t<\/div>\n\t\t\t\t<\/div>\n\t\t\t\t\t<\/div>\n\t\t<\/div>\n\t\t\t\t\t<\/div>\n\t\t<\/section>\n\t\t\t\t<\/div>\n\t\t","protected":false},"excerpt":{"rendered":"<p>Un\u00a0 bain nordique , aussi appel\u00e9\u00a0 bain scandinave , offre une exp\u00e9rience de d\u00e9tente unique. Bien plus qu&#8217;une simple\u00a0 piscine , il repr\u00e9sente une v\u00e9ritable tradition de bien-\u00eatre. \u00c0 ne pas confondre avec le\u00a0 sauna , le Bain Nordique \u00a0 offre une approche diff\u00e9rente de la relaxation et du bien-\u00eatre. Les bienfaits du bain nordique sur le corps et l&#8217;esprit Les\u00a0 bains nordiques \u00a0ne sont pas seulement agr\u00e9ables, ils sont aussi b\u00e9n\u00e9fiques pour la\u00a0 sant\u00e9 . Ils r\u00e9agissent sur le\u00a0 corps \u00a0et l&#8217; esprit \u00a0de diverses mani\u00e8res. \u00a0 les multiples Bienfaits du Bain Nordique Am\u00e9lioration de la Circulation Sanguine : \u00a0Les contrastes thermiques stimulent la circulation, soulagent les douleurs et favorisent une meilleure oxyg\u00e9nation des tissus. \u00c9limination des Toxines : \u00a0La chaleur provoque la sudation, permettant au corps d&#8217;\u00e9liminer naturellement les toxines et renfor\u00e7ant le syst\u00e8me lymphatique. Renforcement du Syst\u00e8me Immunitaire : \u00a0La production de globules blancs est stimul\u00e9e, renfor\u00e7ant les d\u00e9fenses naturelles de l&#8217;organisme. Am\u00e9lioration de la Qualit\u00e9 du Sommeil : \u00a0L&#8217;alternance de chaud et de froid aide \u00e0 l&#8217;endormissement et \u00e0 la qualit\u00e9 du sommeil, contribuant \u00e0 un repos plus profond et r\u00e9parateur. Am\u00e9lioration de l&#8217;Humeur : \u00a0La production d&#8217;endorphines est stimul\u00e9e, notamment le stress et l&#8217;anxi\u00e9t\u00e9 et favorise un \u00e9tat d&#8217;esprit positif. Bienfaits pour la Peau : \u00a0L&#8217;eau chaude purifie, hydrate et nourrit la peau, contribuant \u00e0 son \u00e9lasticit\u00e9 et \u00e0 son \u00e9clat. Privatisez cet espace et offrez vous les bienfaits du bain nordique \u00e0 2, 3 et jusqu&#8217;\u00e0 5 personnes. Je vous ferai choisir entre plusieurs huiles de SPA afin d&#8217;associer une exp\u00e9rience olfactive agr\u00e9able. Pour votre confort, claquettes et peignoirs sont fournis dans cette prestation .<\/p>\n","protected":false},"author":1,"featured_media":0,"parent":0,"menu_order":0,"comment_status":"closed","ping_status":"closed","template":"","meta":{"footnotes":""},"class_list":["post-2239","page","type-page","status-publish","hentry"],"_links":{"self":[{"href":"https:\/\/manoirdekerdeval22.fr\/index.php\/wp-json\/wp\/v2\/pages\/2239","targetHints":{"allow":["GET"]}}],"collection":[{"href":"https:\/\/manoirdekerdeval22.fr\/index.php\/wp-json\/wp\/v2\/pages"}],"about":[{"href":"https:\/\/manoirdekerdeval22.fr\/index.php\/wp-json\/wp\/v2\/types\/page"}],"author":[{"embeddable":true,"href":"https:\/\/manoirdekerdeval22.fr\/index.php\/wp-json\/wp\/v2\/users\/1"}],"replies":[{"embeddable":true,"href":"https:\/\/manoirdekerdeval22.fr\/index.php\/wp-json\/wp\/v2\/comments?post=2239"}],"version-history":[{"count":23,"href":"https:\/\/manoirdekerdeval22.fr\/index.php\/wp-json\/wp\/v2\/pages\/2239\/revisions"}],"predecessor-version":[{"id":2343,"href":"https:\/\/manoirdekerdeval22.fr\/index.php\/wp-json\/wp\/v2\/pages\/2239\/revisions\/2343"}],"wp:attachment":[{"href":"https:\/\/manoirdekerdeval22.fr\/index.php\/wp-json\/wp\/v2\/media?parent=2239"}],"curies":[{"name":"wp","href":"https:\/\/api.w.org\/{rel}","templated":true}]}}